{"id":2367,"date":"2013-10-28T11:15:45","date_gmt":"2013-10-28T11:15:45","guid":{"rendered":"http:\/\/worksofchivalry.com\/il-libro\/"},"modified":"2022-12-29T20:51:24","modified_gmt":"2022-12-29T20:51:24","slug":"il-libro","status":"publish","type":"page","link":"http:\/\/worksofchivalry.com\/it\/il-libro\/","title":{"rendered":"Il libro"},"content":{"rendered":"<div class=\"wpb-content-wrapper\"><p>[vc_row][vc_column width=&#8221;1\/4&#8243;][vc_widget_sidebar sidebar_id=&#8221;blog_sidebar&#8221; el_id=&#8221;page-sidebar&#8221;][\/vc_column][vc_column width=&#8221;3\/4&#8243;][vc_column_text]<\/p>\n<h1>Il libro<\/h1>\n<h2 style=\"text-align: left;\"><span style=\"font-size: large;\"><strong><a href=\"http:\/\/worksofchivalry.com\/wp-content\/uploads\/2013\/10\/Le-opere-cavalleria-Ia-cop.jpg\"><img loading=\"lazy\" decoding=\"async\" class=\"alignleft size-medium wp-image-2894\" src=\"http:\/\/worksofchivalry.com\/wp-content\/uploads\/2013\/10\/Le-opere-cavalleria-Ia-cop-347x500.jpg\" alt=\"\" width=\"347\" height=\"500\" srcset=\"http:\/\/worksofchivalry.com\/wp-content\/uploads\/2013\/10\/Le-opere-cavalleria-Ia-cop-347x500.jpg 347w, http:\/\/worksofchivalry.com\/wp-content\/uploads\/2013\/10\/Le-opere-cavalleria-Ia-cop-712x1024.jpg 712w, http:\/\/worksofchivalry.com\/wp-content\/uploads\/2013\/10\/Le-opere-cavalleria-Ia-cop-208x300.jpg 208w, http:\/\/worksofchivalry.com\/wp-content\/uploads\/2013\/10\/Le-opere-cavalleria-Ia-cop.jpg 789w\" sizes=\"auto, (max-width: 347px) 100vw, 347px\" \/><\/a>Giovanni Battista Tomassini<\/strong><\/span><\/h2>\n<p style=\"text-align: left;\"><em><span style=\"font-size: large;\"><strong>Le opere della Cavalleria. La tradizione Italiana dell&#8217;arte equestre durante il Rinascimento e nei secoli successivi<\/strong><\/span><\/em><\/p>\n<p style=\"text-align: left;\"><strong><span style=\"font-size: medium;\"><em>Cavour Libri, pp. 288, prezzo 25\u20ac<\/em><\/span><\/strong><\/p>\n<p>Questo libro \u00e8 il risultato delle ricerche sulla storia dell&#8217;equitazione e in particolare sulla trattatistica equestre italiana che mi hanno impegnato negli ultimi anni. Se gli argomenti trattati in questo blog vi incuriosiscono, questa \u00e8 una lettura che fa per voi. Il libro \u00e8 stato anche\u00a0pubblicato in inglese negli Stati Uniti da <a href=\"http:\/\/shop.xenophonpress.com\/\" target=\"_blank\" rel=\"noopener noreferrer\">Xenophon Press<\/a>, con le prefazioni di Arthur Kottas-Heldenberg (ex Primo Cavaliere Capo della Scuola Spagnola di Vienna) e di Jo\u00e3o Pedro Rodrigues (Mestre Picador Chefe della Escola Portuguesa de Arte Equestre).<\/p>\n<p><strong>Il libro<\/strong><\/p>\n<p>Alla met\u00e0 del Cinquecento, Federico Grisone, gentiluomo napoletano dava per la prima volta alle stampe un libro sull\u2019arte di ammaestrare il cavallo \u00abper l\u2019uso della guerra\u00bb e sui segreti per \u00abemendarne i vitii\u00bb. L\u2019opera ebbe subito un enorme successo e fu ben presto emulata dai libri di altri autori. Nasceva cos\u00ec un vero e proprio genere letterario, quello del trattato equestre, la cui tradizione, tra alterne vicende, \u00e8 giunta viva e vitale sino ai nostri giorni. Non \u00e8 un caso che quell\u2019opera fosse stampata in Italia, visto che nel nostro paese tra XV e XVI secolo venne elaborata una nuova cultura di corte in cui l\u2019equitazione aveva un ruolo fondamentale. All\u2019epoca, i cavallerizzi italiani erano contesi dalle corti di tutta Europa e i rampolli dell\u2019aristocrazia di tutto il continente valicavano le Alpi per perfezionarsi nell\u2019arte di montare a cavallo presso celebri maestri. Seguendo il filo rosso della trattatistica equestre, questo libro ripercorre la storia dell&#8217;equitazione italiana ed europea, raccontandone le ricche implicazioni culturali, l&#8217;evoluzione delle tecniche e i numerosi intrecci con i grandi avvenimenti della storia europea. Una vicenda costellata di personaggi circondati da un&#8217;aura di leggendaria abilit\u00e0, di dispute tra scuole contrapposte e di imprese memorabili. Una storia che dal Cinquecento si dipana sino agli inizi del XX secolo, quando di nuovo un italiano, Federico Caprilli, rivoluzion\u00f2 l\u2019equitazione mondiale, ideando la tecnica di salto degli ostacoli tutt&#8217;oggi in uso.<\/p>\n<p style=\"text-align: center;\"><iframe loading=\"lazy\" src=\"http:\/\/www.youtube.com\/embed\/8RC4KRv_PNk\" width=\"425\" height=\"350\" frameborder=\"0\" data-mce-fragment=\"1\"><\/iframe><\/p>\n<p style=\"text-align: center;\" align=\"center\"><span style=\"font-size: x-large;\"><strong>Puoi acquistare il libro on-line sul portale More than a Horse<br \/>\nclickando sul\u00a0 link che segue: <\/strong><\/span><\/p>\n<p style=\"text-align: center;\" align=\"center\"><a href=\"https:\/\/morethanahorse.com\/collections\/frontpage\/products\/le-opere-della-cavalleria-la-tradizione-italiana-dellarte-equestre-durante-il-rinascimento-e-nei-secoli-successivi?fbclid=IwAR24HqeteFaFwFbAgxzwpGPasuVm-7vNVbjKVRyixlO8Z4DS3t1LWLqdvh8\"><span style=\"font-size: x-large;\"><strong>More than Horse<\/strong><\/span><\/a><\/p>\n<p style=\"text-align: center;\" align=\"center\"><iframe loading=\"lazy\" src=\"\/\/www.youtube.com\/embed\/7FAOV-B_LAs\" width=\"420\" height=\"315\" frameborder=\"0\" allowfullscreen=\"allowfullscreen\" data-mce-fragment=\"1\"><\/iframe><\/p>\n<p style=\"text-align: center;\" align=\"center\"><em><span style=\"font-size: small;\"><strong>GB Tomassini intervistato da Bruno Luver\u00e0 per Tg 1 Billy (20 aprile 2014)<\/strong><\/span><\/em><\/p>\n<p style=\"text-align: center;\" align=\"center\"><iframe loading=\"lazy\" src=\"http:\/\/www.youtube.com\/embed\/5V4jCZE4FWA\" width=\"425\" height=\"350\" frameborder=\"0\" data-mce-fragment=\"1\"><\/iframe><\/p>\n<p style=\"text-align: center;\" align=\"center\"><strong><em><span style=\"font-size: small;\">GB Tomassini intervistato da Barbara Leoni su Class Horse TV (4 dicembre 2013)<\/span><\/em><\/strong><\/p>\n<p style=\"text-align: center;\" align=\"center\"><iframe loading=\"lazy\" src=\"http:\/\/www.youtube.com\/embed\/txIGJmlYJKk\" width=\"425\" height=\"350\" frameborder=\"0\" data-mce-fragment=\"1\"><\/iframe><\/p>\n<p style=\"text-align: center;\" align=\"center\"><em><strong>GB Tomassini intervistato da Maria Lucia galli (Unire TV)<\/strong><\/em><\/p>\n<p>[\/vc_column_text][\/vc_column][\/vc_row]<\/p>\n<\/div>","protected":false},"excerpt":{"rendered":"<p>[vc_row][vc_column width=&#8221;1\/4&#8243;][vc_widget_sidebar sidebar_id=&#8221;blog_sidebar&#8221; el_id=&#8221;page-sidebar&#8221;][\/vc_column][vc_column width=&#8221;3\/4&#8243;][vc_column_text] Il libro Giovanni Battista Tomassini Le opere della Cavalleria. La tradizione Italiana dell&#8217;arte equestre durante il Rinascimento e nei secoli successivi Cavour Libri, pp. 288, prezzo 25\u20ac Questo libro \u00e8 il risultato delle ricerche sulla storia dell&#8217;equitazione e in particolare sulla trattatistica equestre italiana che mi hanno impegnato negli ultimi&hellip;<\/p>\n","protected":false},"author":2,"featured_media":0,"parent":0,"menu_order":0,"comment_status":"closed","ping_status":"open","template":"","meta":{"_acf_changed":false,"footnotes":""},"class_list":["post-2367","page","type-page","status-publish","hentry"],"acf":[],"yoast_head":"<!-- This site is optimized with the Yoast SEO plugin v27.3 - https:\/\/yoast.com\/product\/yoast-seo-wordpress\/ -->\n<title>Il libro - Le opere della cavalleria<\/title>\n<meta name=\"robots\" content=\"index, follow, max-snippet:-1, max-image-preview:large, max-video-preview:-1\" \/>\n<link rel=\"canonical\" href=\"http:\/\/worksofchivalry.com\/it\/il-libro\/\" \/>\n<meta property=\"og:locale\" content=\"it_IT\" \/>\n<meta property=\"og:type\" content=\"article\" \/>\n<meta property=\"og:title\" content=\"Il libro - Le opere della cavalleria\" \/>\n<meta property=\"og:description\" content=\"[vc_row][vc_column width=&#8221;1\/4&#8243;][vc_widget_sidebar sidebar_id=&#8221;blog_sidebar&#8221; el_id=&#8221;page-sidebar&#8221;][\/vc_column][vc_column width=&#8221;3\/4&#8243;][vc_column_text] Il libro Giovanni Battista Tomassini Le opere della Cavalleria. La tradizione Italiana dell&#8217;arte equestre durante il Rinascimento e nei secoli successivi Cavour Libri, pp. 288, prezzo 25\u20ac Questo libro \u00e8 il risultato delle ricerche sulla storia dell&#8217;equitazione e in particolare sulla trattatistica equestre italiana che mi hanno impegnato negli ultimi&hellip;\" \/>\n<meta property=\"og:url\" content=\"http:\/\/worksofchivalry.com\/it\/il-libro\/\" \/>\n<meta property=\"og:site_name\" content=\"Le opere della cavalleria\" \/>\n<meta property=\"article:publisher\" content=\"https:\/\/www.facebook.com\/Italian-Tradition-of-Equestrian-Art-533032566795639\" \/>\n<meta property=\"article:modified_time\" content=\"2022-12-29T20:51:24+00:00\" \/>\n<meta property=\"og:image\" content=\"http:\/\/worksofchivalry.com\/wp-content\/uploads\/2013\/10\/Le-opere-cavalleria-Ia-cop-347x500.jpg\" \/>\n<meta name=\"twitter:card\" content=\"summary_large_image\" \/>\n<meta name=\"twitter:label1\" content=\"Tempo di lettura stimato\" \/>\n\t<meta name=\"twitter:data1\" content=\"2 minuti\" \/>\n<script type=\"application\/ld+json\" class=\"yoast-schema-graph\">{\"@context\":\"https:\\\/\\\/schema.org\",\"@graph\":[{\"@type\":\"WebPage\",\"@id\":\"http:\\\/\\\/worksofchivalry.com\\\/it\\\/il-libro\\\/\",\"url\":\"http:\\\/\\\/worksofchivalry.com\\\/it\\\/il-libro\\\/\",\"name\":\"Il libro - Le opere della cavalleria\",\"isPartOf\":{\"@id\":\"http:\\\/\\\/worksofchivalry.com\\\/it\\\/#website\"},\"primaryImageOfPage\":{\"@id\":\"http:\\\/\\\/worksofchivalry.com\\\/it\\\/il-libro\\\/#primaryimage\"},\"image\":{\"@id\":\"http:\\\/\\\/worksofchivalry.com\\\/it\\\/il-libro\\\/#primaryimage\"},\"thumbnailUrl\":\"http:\\\/\\\/worksofchivalry.com\\\/wp-content\\\/uploads\\\/2013\\\/10\\\/Le-opere-cavalleria-Ia-cop-347x500.jpg\",\"datePublished\":\"2013-10-28T11:15:45+00:00\",\"dateModified\":\"2022-12-29T20:51:24+00:00\",\"breadcrumb\":{\"@id\":\"http:\\\/\\\/worksofchivalry.com\\\/it\\\/il-libro\\\/#breadcrumb\"},\"inLanguage\":\"it-IT\",\"potentialAction\":[{\"@type\":\"ReadAction\",\"target\":[\"http:\\\/\\\/worksofchivalry.com\\\/it\\\/il-libro\\\/\"]}]},{\"@type\":\"ImageObject\",\"inLanguage\":\"it-IT\",\"@id\":\"http:\\\/\\\/worksofchivalry.com\\\/it\\\/il-libro\\\/#primaryimage\",\"url\":\"http:\\\/\\\/worksofchivalry.com\\\/wp-content\\\/uploads\\\/2013\\\/10\\\/Le-opere-cavalleria-Ia-cop-347x500.jpg\",\"contentUrl\":\"http:\\\/\\\/worksofchivalry.com\\\/wp-content\\\/uploads\\\/2013\\\/10\\\/Le-opere-cavalleria-Ia-cop-347x500.jpg\"},{\"@type\":\"BreadcrumbList\",\"@id\":\"http:\\\/\\\/worksofchivalry.com\\\/it\\\/il-libro\\\/#breadcrumb\",\"itemListElement\":[{\"@type\":\"ListItem\",\"position\":1,\"name\":\"Home\",\"item\":\"http:\\\/\\\/worksofchivalry.com\\\/it\\\/\"},{\"@type\":\"ListItem\",\"position\":2,\"name\":\"Il libro\"}]},{\"@type\":\"WebSite\",\"@id\":\"http:\\\/\\\/worksofchivalry.com\\\/it\\\/#website\",\"url\":\"http:\\\/\\\/worksofchivalry.com\\\/it\\\/\",\"name\":\"Le opere della cavalleria\",\"description\":\"Storia, cultura e tradizioni dell'equitazione classica\",\"potentialAction\":[{\"@type\":\"SearchAction\",\"target\":{\"@type\":\"EntryPoint\",\"urlTemplate\":\"http:\\\/\\\/worksofchivalry.com\\\/it\\\/?s={search_term_string}\"},\"query-input\":{\"@type\":\"PropertyValueSpecification\",\"valueRequired\":true,\"valueName\":\"search_term_string\"}}],\"inLanguage\":\"it-IT\"}]}<\/script>\n<!-- \/ Yoast SEO plugin. -->","yoast_head_json":{"title":"Il libro - Le opere della cavalleria","robots":{"index":"index","follow":"follow","max-snippet":"max-snippet:-1","max-image-preview":"max-image-preview:large","max-video-preview":"max-video-preview:-1"},"canonical":"http:\/\/worksofchivalry.com\/it\/il-libro\/","og_locale":"it_IT","og_type":"article","og_title":"Il libro - Le opere della cavalleria","og_description":"[vc_row][vc_column width=&#8221;1\/4&#8243;][vc_widget_sidebar sidebar_id=&#8221;blog_sidebar&#8221; el_id=&#8221;page-sidebar&#8221;][\/vc_column][vc_column width=&#8221;3\/4&#8243;][vc_column_text] Il libro Giovanni Battista Tomassini Le opere della Cavalleria. La tradizione Italiana dell&#8217;arte equestre durante il Rinascimento e nei secoli successivi Cavour Libri, pp. 288, prezzo 25\u20ac Questo libro \u00e8 il risultato delle ricerche sulla storia dell&#8217;equitazione e in particolare sulla trattatistica equestre italiana che mi hanno impegnato negli ultimi&hellip;","og_url":"http:\/\/worksofchivalry.com\/it\/il-libro\/","og_site_name":"Le opere della cavalleria","article_publisher":"https:\/\/www.facebook.com\/Italian-Tradition-of-Equestrian-Art-533032566795639","article_modified_time":"2022-12-29T20:51:24+00:00","og_image":[{"url":"http:\/\/worksofchivalry.com\/wp-content\/uploads\/2013\/10\/Le-opere-cavalleria-Ia-cop-347x500.jpg","type":"","width":"","height":""}],"twitter_card":"summary_large_image","twitter_misc":{"Tempo di lettura stimato":"2 minuti"},"schema":{"@context":"https:\/\/schema.org","@graph":[{"@type":"WebPage","@id":"http:\/\/worksofchivalry.com\/it\/il-libro\/","url":"http:\/\/worksofchivalry.com\/it\/il-libro\/","name":"Il libro - Le opere della cavalleria","isPartOf":{"@id":"http:\/\/worksofchivalry.com\/it\/#website"},"primaryImageOfPage":{"@id":"http:\/\/worksofchivalry.com\/it\/il-libro\/#primaryimage"},"image":{"@id":"http:\/\/worksofchivalry.com\/it\/il-libro\/#primaryimage"},"thumbnailUrl":"http:\/\/worksofchivalry.com\/wp-content\/uploads\/2013\/10\/Le-opere-cavalleria-Ia-cop-347x500.jpg","datePublished":"2013-10-28T11:15:45+00:00","dateModified":"2022-12-29T20:51:24+00:00","breadcrumb":{"@id":"http:\/\/worksofchivalry.com\/it\/il-libro\/#breadcrumb"},"inLanguage":"it-IT","potentialAction":[{"@type":"ReadAction","target":["http:\/\/worksofchivalry.com\/it\/il-libro\/"]}]},{"@type":"ImageObject","inLanguage":"it-IT","@id":"http:\/\/worksofchivalry.com\/it\/il-libro\/#primaryimage","url":"http:\/\/worksofchivalry.com\/wp-content\/uploads\/2013\/10\/Le-opere-cavalleria-Ia-cop-347x500.jpg","contentUrl":"http:\/\/worksofchivalry.com\/wp-content\/uploads\/2013\/10\/Le-opere-cavalleria-Ia-cop-347x500.jpg"},{"@type":"BreadcrumbList","@id":"http:\/\/worksofchivalry.com\/it\/il-libro\/#breadcrumb","itemListElement":[{"@type":"ListItem","position":1,"name":"Home","item":"http:\/\/worksofchivalry.com\/it\/"},{"@type":"ListItem","position":2,"name":"Il libro"}]},{"@type":"WebSite","@id":"http:\/\/worksofchivalry.com\/it\/#website","url":"http:\/\/worksofchivalry.com\/it\/","name":"Le opere della cavalleria","description":"Storia, cultura e tradizioni dell'equitazione classica","potentialAction":[{"@type":"SearchAction","target":{"@type":"EntryPoint","urlTemplate":"http:\/\/worksofchivalry.com\/it\/?s={search_term_string}"},"query-input":{"@type":"PropertyValueSpecification","valueRequired":true,"valueName":"search_term_string"}}],"inLanguage":"it-IT"}]}},"_links":{"self":[{"href":"http:\/\/worksofchivalry.com\/it\/wp-json\/wp\/v2\/pages\/2367","targetHints":{"allow":["GET"]}}],"collection":[{"href":"http:\/\/worksofchivalry.com\/it\/wp-json\/wp\/v2\/pages"}],"about":[{"href":"http:\/\/worksofchivalry.com\/it\/wp-json\/wp\/v2\/types\/page"}],"author":[{"embeddable":true,"href":"http:\/\/worksofchivalry.com\/it\/wp-json\/wp\/v2\/users\/2"}],"replies":[{"embeddable":true,"href":"http:\/\/worksofchivalry.com\/it\/wp-json\/wp\/v2\/comments?post=2367"}],"version-history":[{"count":6,"href":"http:\/\/worksofchivalry.com\/it\/wp-json\/wp\/v2\/pages\/2367\/revisions"}],"predecessor-version":[{"id":3962,"href":"http:\/\/worksofchivalry.com\/it\/wp-json\/wp\/v2\/pages\/2367\/revisions\/3962"}],"wp:attachment":[{"href":"http:\/\/worksofchivalry.com\/it\/wp-json\/wp\/v2\/media?parent=2367"}],"curies":[{"name":"wp","href":"https:\/\/api.w.org\/{rel}","templated":true}]}}